{"id":29478,"date":"2023-05-21T12:16:00","date_gmt":"2023-05-21T10:16:00","guid":{"rendered":"https:\/\/keyssiwone.be\/?page_id=29478"},"modified":"2026-04-13T02:22:09","modified_gmt":"2026-04-13T00:22:09","slug":"accueil","status":"publish","type":"page","link":"https:\/\/keyssiwone.be\/projets\/tfe\/","title":{"rendered":"Accueil"},"content":{"rendered":"\t\t<div data-elementor-type=\"wp-page\" data-elementor-id=\"29478\" class=\"elementor elementor-29478\">\n\t\t\t\t\t\t\t\t\t<section class=\"elementor-section elementor-top-section elementor-element elementor-element-2b8beb6 elementor-section-height-min-height elementor-section-boxed elementor-section-height-default elementor-section-items-middle\" data-id=\"2b8beb6\" data-element_type=\"section\" data-settings=\"{&quot;background_background&quot;:&quot;classic&quot;}\">\n\t\t\t\t\t\t\t<div class=\"elementor-background-overlay\"><\/div>\n\t\t\t\t\t\t\t<div class=\"elementor-container elementor-column-gap-default\">\n\t\t\t\t\t<div class=\"elementor-column elementor-col-100 elementor-top-column elementor-element elementor-element-c9a17cc\" data-id=\"c9a17cc\" data-element_type=\"column\">\n\t\t\t<div class=\"elementor-widget-wrap elementor-element-populated\">\n\t\t\t\t\t\t\t\t<div class=\"elementor-element elementor-element-eb71beb elementor-widget elementor-widget-heading\" data-id=\"eb71beb\" data-element_type=\"widget\" data-widget_type=\"heading.default\">\n\t\t\t\t<div class=\"elementor-widget-container\">\n\t\t\t<style>\/*! elementor - v3.13.2 - 11-05-2023 *\/\n.elementor-heading-title{padding:0;margin:0;line-height:1}.elementor-widget-heading .elementor-heading-title[class*=elementor-size-]>a{color:inherit;font-size:inherit;line-height:inherit}.elementor-widget-heading .elementor-heading-title.elementor-size-small{font-size:15px}.elementor-widget-heading .elementor-heading-title.elementor-size-medium{font-size:19px}.elementor-widget-heading .elementor-heading-title.elementor-size-large{font-size:29px}.elementor-widget-heading .elementor-heading-title.elementor-size-xl{font-size:39px}.elementor-widget-heading .elementor-heading-title.elementor-size-xxl{font-size:59px}<\/style><h2 class=\"elementor-heading-title elementor-size-default\">Cr\u00e9ez votre livre <br\/><span class=\"contrast-color\">d'aventures<\/span><\/h2>\t\t<\/div>\n\t\t\t\t<\/div>\n\t\t\t\t<div class=\"elementor-element elementor-element-ea783d3 elementor-align-left elementor-widget__width-auto elementor-mobile-align-center elementor-widget-mobile__width-inherit elementor-widget elementor-widget-button\" data-id=\"ea783d3\" data-element_type=\"widget\" data-widget_type=\"button.default\">\n\t\t\t\t<div class=\"elementor-widget-container\">\n\t\t\t\t\t<div class=\"elementor-button-wrapper\">\n\t\t\t<a href=\"#savoirplus\" class=\"elementor-button-link elementor-button elementor-size-sm elementor-animation-shrink\" role=\"button\">\n\t\t\t\t\t\t<span class=\"elementor-button-content-wrapper\">\n\t\t\t\t\t\t\t<span class=\"elementor-button-icon elementor-align-icon-left\">\n\t\t\t\t<i aria-hidden=\"true\" class=\"fas fa-angle-down\"><\/i>\t\t\t<\/span>\n\t\t\t\t\t\t<span class=\"elementor-button-text\">En savoir plus <\/span>\n\t\t<\/span>\n\t\t\t\t\t<\/a>\n\t\t<\/div>\n\t\t\t\t<\/div>\n\t\t\t\t<\/div>\n\t\t\t\t<div class=\"elementor-element elementor-element-f3884bf elementor-align-left elementor-widget__width-auto elementor-mobile-align-center elementor-widget-mobile__width-inherit elementor-widget elementor-widget-button\" data-id=\"f3884bf\" data-element_type=\"widget\" data-widget_type=\"button.default\">\n\t\t\t\t<div class=\"elementor-widget-container\">\n\t\t\t\t\t<div class=\"elementor-button-wrapper\">\n\t\t\t<a href=\"https:\/\/keyssiwone.be\/creer-un-livre-daventure-2\/\" class=\"elementor-button-link elementor-button elementor-size-sm elementor-animation-shrink\" role=\"button\">\n\t\t\t\t\t\t<span class=\"elementor-button-content-wrapper\">\n\t\t\t\t\t\t\t<span class=\"elementor-button-icon elementor-align-icon-left\">\n\t\t\t\t<i aria-hidden=\"true\" class=\"fas fa-plus-circle\"><\/i>\t\t\t<\/span>\n\t\t\t\t\t\t<span class=\"elementor-button-text\">Cr\u00e9er<\/span>\n\t\t<\/span>\n\t\t\t\t\t<\/a>\n\t\t<\/div>\n\t\t\t\t<\/div>\n\t\t\t\t<\/div>\n\t\t\t\t<section class=\"elementor-section elementor-inner-section elementor-element elementor-element-13b1e20 elementor-section-boxed elementor-section-height-default elementor-section-height-default\" data-id=\"13b1e20\" data-element_type=\"section\" id=\"savoirplus\">\n\t\t\t\t\t\t<div class=\"elementor-container elementor-column-gap-default\">\n\t\t\t\t\t<div class=\"elementor-column elementor-col-33 elementor-inner-column elementor-element elementor-element-db2c260\" data-id=\"db2c260\" data-element_type=\"column\">\n\t\t\t<div class=\"elementor-widget-wrap elementor-element-populated\">\n\t\t\t\t\t\t\t\t<div class=\"elementor-element elementor-element-9dc520c elementor-view-default elementor-widget elementor-widget-icon\" data-id=\"9dc520c\" data-element_type=\"widget\" data-widget_type=\"icon.default\">\n\t\t\t\t<div class=\"elementor-widget-container\">\n\t\t\t\t\t<div class=\"elementor-icon-wrapper\">\n\t\t\t<div class=\"elementor-icon\">\n\t\t\t<svg xmlns=\"http:\/\/www.w3.org\/2000\/svg\" width=\"120\" height=\"120\" viewBox=\"0 0 120 120\" fill=\"none\"><mask id=\"mask0_295_1366\" style=\"mask-type:alpha\" maskUnits=\"userSpaceOnUse\" x=\"0\" y=\"0\" width=\"120\" height=\"120\"><rect width=\"120\" height=\"120\" fill=\"#D9D9D9\"><\/rect><\/mask><g mask=\"url(#mask0_295_1366)\"><path d=\"M56.4231 46.1539H97.5769C95.391 40.2756 91.9055 35.0817 87.1202 30.5721C82.3349 26.0625 76.8782 23.0385 70.75 21.5L56.4231 46.1539ZM46.0769 56.1539L66.8461 20.5C65.9295 20.3333 64.7885 20.2083 63.4231 20.125C62.0577 20.0417 60.9167 20 60 20C54.5 20 49.375 21.0417 44.625 23.125C39.875 25.2083 35.6667 28 32 31.5L46.0769 56.1539ZM21.25 70H49.6539L29.2693 34.5385C26.3462 38.1474 24.0705 42.0785 22.4422 46.3317C20.8141 50.5849 20 55.141 20 60C20 61.75 20.1042 63.4375 20.3125 65.0625C20.5208 66.6875 20.8333 68.3333 21.25 70ZM49.4423 98.5L63.7115 73.8461H22.4231C24.609 79.7244 28.1266 84.9183 32.976 89.4279C37.8253 93.9375 43.3141 96.9615 49.4423 98.5ZM60 100C65.5 100 70.625 98.9583 75.375 96.875C80.125 94.7917 84.3333 92 88 88.5L73.9231 63.8461L53.3461 99.3077C54.2628 99.5385 55.351 99.7115 56.6106 99.8269C57.8702 99.9423 59 100 60 100ZM90.7308 85.4615C93.3974 82.0448 95.609 78.1138 97.3654 73.6683C99.1218 69.2228 100 64.6667 100 60C100 58.25 99.8958 56.5625 99.6875 54.9375C99.4792 53.3125 99.1667 51.6667 98.75 50H70.3461L90.7308 85.4615ZM60 105C53.8077 105 47.9743 103.816 42.5 101.447C37.0257 99.0786 32.258 95.8638 28.1971 91.8029C24.1362 87.742 20.9215 82.9743 18.5529 77.5C16.1843 72.0257 15 66.1923 15 60C15 53.7884 16.1843 47.9503 18.5529 42.4856C20.9215 37.0209 24.1362 32.258 28.1971 28.1971C32.258 24.1362 37.0257 20.9215 42.5 18.5529C47.9743 16.1843 53.8077 15 60 15C66.2116 15 72.0497 16.1843 77.5144 18.5529C82.9791 20.9215 87.742 24.1362 91.8029 28.1971C95.8638 32.258 99.0786 37.0209 101.447 42.4856C103.816 47.9503 105 53.7884 105 60C105 66.1923 103.816 72.0257 101.447 77.5C99.0786 82.9743 95.8638 87.742 91.8029 91.8029C87.742 95.8638 82.9791 99.0786 77.5144 101.447C72.0497 103.816 66.2116 105 60 105Z\" fill=\"white\"><\/path><\/g><\/svg>\t\t\t<\/div>\n\t\t<\/div>\n\t\t\t\t<\/div>\n\t\t\t\t<\/div>\n\t\t\t\t<div class=\"elementor-element elementor-element-3c82f58 elementor-widget elementor-widget-heading\" data-id=\"3c82f58\" data-element_type=\"widget\" data-widget_type=\"heading.default\">\n\t\t\t\t<div class=\"elementor-widget-container\">\n\t\t\t<h4 class=\"elementor-heading-title elementor-size-default\">Photos<\/h4>\t\t<\/div>\n\t\t\t\t<\/div>\n\t\t\t\t<div class=\"elementor-element elementor-element-7b089d5 elementor-widget elementor-widget-text-editor\" data-id=\"7b089d5\" data-element_type=\"widget\" data-widget_type=\"text-editor.default\">\n\t\t\t\t<div class=\"elementor-widget-container\">\n\t\t\t<style>\/*! elementor - v3.13.2 - 11-05-2023 *\/\n.elementor-widget-text-editor.elementor-drop-cap-view-stacked .elementor-drop-cap{background-color:#69727d;color:#fff}.elementor-widget-text-editor.elementor-drop-cap-view-framed .elementor-drop-cap{color:#69727d;border:3px solid;background-color:transparent}.elementor-widget-text-editor:not(.elementor-drop-cap-view-default) .elementor-drop-cap{margin-top:8px}.elementor-widget-text-editor:not(.elementor-drop-cap-view-default) .elementor-drop-cap-letter{width:1em;height:1em}.elementor-widget-text-editor .elementor-drop-cap{float:left;text-align:center;line-height:1;font-size:50px}.elementor-widget-text-editor .elementor-drop-cap-letter{display:inline-block}<\/style>\t\t\t\t<p>Ajoutez vos photos afin de cr\u00e9er votre livre de voyage personnalis\u00e9.<\/p>\t\t\t\t\t\t<\/div>\n\t\t\t\t<\/div>\n\t\t\t\t\t<\/div>\n\t\t<\/div>\n\t\t\t\t<div class=\"elementor-column elementor-col-33 elementor-inner-column elementor-element elementor-element-0dd12ed\" data-id=\"0dd12ed\" data-element_type=\"column\">\n\t\t\t<div class=\"elementor-widget-wrap elementor-element-populated\">\n\t\t\t\t\t\t\t\t<div class=\"elementor-element elementor-element-00a15e8 elementor-view-default elementor-widget elementor-widget-icon\" data-id=\"00a15e8\" data-element_type=\"widget\" data-widget_type=\"icon.default\">\n\t\t\t\t<div class=\"elementor-widget-container\">\n\t\t\t\t\t<div class=\"elementor-icon-wrapper\">\n\t\t\t<div class=\"elementor-icon\">\n\t\t\t<svg xmlns=\"http:\/\/www.w3.org\/2000\/svg\" width=\"120\" height=\"120\" viewBox=\"0 0 120 120\" fill=\"none\"><mask id=\"mask0_295_1378\" style=\"mask-type:alpha\" maskUnits=\"userSpaceOnUse\" x=\"0\" y=\"0\" width=\"120\" height=\"120\"><rect width=\"120\" height=\"120\" fill=\"#D9D9D9\"><\/rect><\/mask><g mask=\"url(#mask0_295_1378)\"><path d=\"M32.5 67.5H87.5V62.5H32.5V67.5ZM32.5 52.5H87.5V47.5H32.5V52.5ZM32.5 37.5H87.5V32.5H32.5V37.5ZM105 100.385L89.6154 85H23.0769C20.7756 85 18.8542 84.2292 17.3125 82.6875C15.7708 81.1458 15 79.2244 15 76.9231V23.0769C15 20.7756 15.7708 18.8542 17.3125 17.3125C18.8542 15.7708 20.7756 15 23.0769 15H96.9231C99.2244 15 101.146 15.7708 102.688 17.3125C104.229 18.8542 105 20.7756 105 23.0769V100.385ZM20 23.0769V80H91.7211L100 88.2789V23.0769C100 22.1795 99.7115 21.4423 99.1346 20.8654C98.5577 20.2885 97.8205 20 96.9231 20H23.0769C22.1795 20 21.4423 20.2885 20.8654 20.8654C20.2885 21.4423 20 22.1795 20 23.0769ZM20 23.0769V88.2789V20V23.0769Z\" fill=\"white\"><\/path><\/g><\/svg>\t\t\t<\/div>\n\t\t<\/div>\n\t\t\t\t<\/div>\n\t\t\t\t<\/div>\n\t\t\t\t<div class=\"elementor-element elementor-element-5c540aa elementor-widget elementor-widget-heading\" data-id=\"5c540aa\" data-element_type=\"widget\" data-widget_type=\"heading.default\">\n\t\t\t\t<div class=\"elementor-widget-container\">\n\t\t\t<h4 class=\"elementor-heading-title elementor-size-default\">Notes<\/h4>\t\t<\/div>\n\t\t\t\t<\/div>\n\t\t\t\t<div class=\"elementor-element elementor-element-7b201e4 elementor-widget elementor-widget-text-editor\" data-id=\"7b201e4\" data-element_type=\"widget\" data-widget_type=\"text-editor.default\">\n\t\t\t\t<div class=\"elementor-widget-container\">\n\t\t\t\t\t\t\t<p>Commentez chaque \u00e9tape de votre aventure pour n\u2019oublier aucun d\u00e9tail.<\/p>\t\t\t\t\t\t<\/div>\n\t\t\t\t<\/div>\n\t\t\t\t\t<\/div>\n\t\t<\/div>\n\t\t\t\t<div class=\"elementor-column elementor-col-33 elementor-inner-column elementor-element elementor-element-0458072\" data-id=\"0458072\" data-element_type=\"column\">\n\t\t\t<div class=\"elementor-widget-wrap elementor-element-populated\">\n\t\t\t\t\t\t\t\t<div class=\"elementor-element elementor-element-84f78d2 elementor-view-default elementor-widget elementor-widget-icon\" data-id=\"84f78d2\" data-element_type=\"widget\" data-widget_type=\"icon.default\">\n\t\t\t\t<div class=\"elementor-widget-container\">\n\t\t\t\t\t<div class=\"elementor-icon-wrapper\">\n\t\t\t<div class=\"elementor-icon\">\n\t\t\t<svg xmlns=\"http:\/\/www.w3.org\/2000\/svg\" width=\"120\" height=\"120\" viewBox=\"0 0 120 120\" fill=\"none\"><mask id=\"mask0_465_19\" style=\"mask-type:alpha\" maskUnits=\"userSpaceOnUse\" x=\"0\" y=\"0\" width=\"120\" height=\"120\"><rect width=\"120\" height=\"120\" fill=\"#D9D9D9\"><\/rect><\/mask><g mask=\"url(#mask0_465_19)\"><path d=\"M69.4231 47.9615V43.3076C72.109 41.9487 74.9855 40.9295 78.0529 40.25C81.1202 39.5705 84.2692 39.2307 87.5 39.2307C89.3462 39.2307 91.1186 39.3493 92.8174 39.5865C94.516 39.8237 96.2692 40.1602 98.0769 40.5961V45.1346C96.3333 44.577 94.633 44.1907 92.976 43.976C91.3189 43.7612 89.4936 43.6539 87.5 43.6539C84.2692 43.6539 81.1154 44.0177 78.0385 44.7452C74.9616 45.4727 72.0898 46.5448 69.4231 47.9615ZM69.4231 75.2692V70.4231C71.9808 69.0641 74.8413 68.0449 78.0048 67.3654C81.1683 66.6859 84.3333 66.3461 87.5 66.3461C89.3462 66.3461 91.1186 66.4647 92.8174 66.7019C94.516 66.939 96.2692 67.2756 98.0769 67.7115V72.25C96.3333 71.6923 94.633 71.3061 92.976 71.0914C91.3189 70.8766 89.4936 70.7692 87.5 70.7692C84.2692 70.7692 81.1154 71.1603 78.0385 71.9424C74.9616 72.7244 72.0898 73.8333 69.4231 75.2692ZM69.4231 61.7115V56.8654C72.109 55.5064 74.9855 54.4871 78.0529 53.8076C81.1202 53.1282 84.2692 52.7885 87.5 52.7885C89.3462 52.7885 91.1186 52.9071 92.8174 53.1442C94.516 53.3814 96.2692 53.718 98.0769 54.1539V58.6924C96.3333 58.1346 94.633 57.7484 92.976 57.5336C91.3189 57.3189 89.4936 57.2115 87.5 57.2115C84.2692 57.2115 81.1154 57.6073 78.0385 58.399C74.9616 59.1907 72.0898 60.2948 69.4231 61.7115ZM32.5 80.1922C36.8654 80.1922 41.1106 80.6939 45.2356 81.6971C49.3606 82.7003 53.4488 84.3333 57.5 86.5961V37.5385C53.891 34.9616 49.9134 33.0289 45.5673 31.7404C41.2212 30.4519 36.8654 29.8077 32.5 29.8077C29.5 29.8077 26.8734 29.9872 24.6201 30.3461C22.367 30.7051 19.8654 31.3718 17.1154 32.3461C16.3461 32.6025 15.8013 32.9711 15.4808 33.4519C15.1603 33.9327 15 34.4616 15 35.0385V80.1154C15 81.0128 15.3205 81.6698 15.9615 82.0865C16.6026 82.5032 17.3077 82.5512 18.0769 82.2307C19.9038 81.6154 22.0144 81.1218 24.4086 80.75C26.8029 80.3782 29.5 80.1922 32.5 80.1922ZM62.5 86.5961C66.5512 84.3333 70.6394 82.7003 74.7644 81.6971C78.8894 80.6939 83.1346 80.1922 87.5 80.1922C90.5 80.1922 93.1971 80.3782 95.5914 80.75C97.9856 81.1218 100.096 81.6154 101.923 82.2307C102.692 82.5512 103.397 82.5032 104.038 82.0865C104.679 81.6698 105 81.0128 105 80.1154V35.0385C105 34.4616 104.84 33.9487 104.519 33.5C104.199 33.0512 103.654 32.6666 102.885 32.3461C100.135 31.3718 97.633 30.7051 95.3799 30.3461C93.1266 29.9872 90.5 29.8077 87.5 29.8077C83.1346 29.8077 78.7788 30.4519 74.4327 31.7404C70.0866 33.0289 66.109 34.9616 62.5 37.5385V86.5961ZM60 93.8462C55.9359 91.0642 51.5705 88.9263 46.9039 87.4327C42.2372 85.9392 37.4359 85.1924 32.5 85.1924C29.8974 85.1924 27.3413 85.4103 24.8318 85.8462C22.3221 86.2821 19.8782 86.9808 17.5 87.9424C15.6859 88.6667 13.9824 88.4487 12.3894 87.2885C10.7965 86.1282 10 84.5257 10 82.4809V34.1539C10 32.9166 10.3253 31.7692 10.9759 30.7115C11.6265 29.6538 12.5384 28.9167 13.7115 28.5C16.6474 27.2051 19.7019 26.266 22.875 25.6826C26.0481 25.0993 29.2564 24.8076 32.5 24.8076C37.3974 24.8076 42.1747 25.5127 46.8317 26.923C51.4887 28.3332 55.8782 30.3845 60 33.0769C64.1218 30.3845 68.5113 28.3332 73.1683 26.923C77.8253 25.5127 82.6026 24.8076 87.5 24.8076C90.7436 24.8076 93.9519 25.0993 97.125 25.6826C100.298 26.266 103.353 27.2051 106.288 28.5C107.462 28.9167 108.373 29.6538 109.024 30.7115C109.675 31.7692 110 32.9166 110 34.1539V82.4809C110 84.5257 109.139 86.0962 107.418 87.1924C105.697 88.2885 103.865 88.4744 101.923 87.75C99.609 86.8526 97.2453 86.202 94.8318 85.7981C92.4183 85.3943 89.9743 85.1924 87.5 85.1924C82.5641 85.1924 77.7628 85.9392 73.0961 87.4327C68.4295 88.9263 64.0641 91.0642 60 93.8462Z\" fill=\"white\"><\/path><\/g><\/svg>\t\t\t<\/div>\n\t\t<\/div>\n\t\t\t\t<\/div>\n\t\t\t\t<\/div>\n\t\t\t\t<div class=\"elementor-element elementor-element-4b172b9 elementor-widget elementor-widget-heading\" data-id=\"4b172b9\" data-element_type=\"widget\" data-widget_type=\"heading.default\">\n\t\t\t\t<div class=\"elementor-widget-container\">\n\t\t\t<h4 class=\"elementor-heading-title elementor-size-default\">Accessible<\/h4>\t\t<\/div>\n\t\t\t\t<\/div>\n\t\t\t\t<div class=\"elementor-element elementor-element-823eba9 elementor-widget elementor-widget-text-editor\" data-id=\"823eba9\" data-element_type=\"widget\" data-widget_type=\"text-editor.default\">\n\t\t\t\t<div class=\"elementor-widget-container\">\n\t\t\t\t\t\t\t<p>Gardez vos aventures toujours accessibles dans votre <a style=\"color: #29806e;\" href=\"https:\/\/keyssiwone.be\/ma-bibliotheque\/\"><strong>Biblioth\u00e8que<\/strong><\/a><\/p>\t\t\t\t\t\t<\/div>\n\t\t\t\t<\/div>\n\t\t\t\t\t<\/div>\n\t\t<\/div>\n\t\t\t\t\t\t\t<\/div>\n\t\t<\/section>\n\t\t\t\t\t<\/div>\n\t\t<\/div>\n\t\t\t\t\t\t\t<\/div>\n\t\t<\/section>\n\t\t\t\t<section class=\"elementor-section elementor-top-section elementor-element elementor-element-c830462 elementor-section-height-min-height elementor-section-boxed elementor-section-height-default elementor-section-items-middle\" data-id=\"c830462\" data-element_type=\"section\" data-settings=\"{&quot;background_background&quot;:&quot;gradient&quot;}\">\n\t\t\t\t\t\t\t<div class=\"elementor-background-overlay\"><\/div>\n\t\t\t\t\t\t\t<div class=\"elementor-container elementor-column-gap-default\">\n\t\t\t\t\t<div class=\"elementor-column elementor-col-50 elementor-top-column elementor-element elementor-element-f8c88e8\" data-id=\"f8c88e8\" data-element_type=\"column\">\n\t\t\t<div class=\"elementor-widget-wrap\">\n\t\t\t\t\t\t\t\t\t<\/div>\n\t\t<\/div>\n\t\t\t\t<div class=\"elementor-column elementor-col-50 elementor-top-column elementor-element elementor-element-e0b5d49\" data-id=\"e0b5d49\" data-element_type=\"column\">\n\t\t\t<div class=\"elementor-widget-wrap elementor-element-populated\">\n\t\t\t\t\t\t\t\t<div class=\"elementor-element elementor-element-971cd59 elementor-widget elementor-widget-heading\" data-id=\"971cd59\" data-element_type=\"widget\" data-widget_type=\"heading.default\">\n\t\t\t\t<div class=\"elementor-widget-container\">\n\t\t\t<h2 class=\"elementor-heading-title elementor-size-default\">Gardez une trace<br\/> de vos <span class=\"contrast-color\">aventures<\/span><\/h2>\t\t<\/div>\n\t\t\t\t<\/div>\n\t\t\t\t<div class=\"elementor-element elementor-element-4a65063 elementor-widget elementor-widget-text-editor\" data-id=\"4a65063\" data-element_type=\"widget\" data-widget_type=\"text-editor.default\">\n\t\t\t\t<div class=\"elementor-widget-container\">\n\t\t\t\t\t\t\t<p>Gardez un souvenir ind\u00e9l\u00e9bile de vos voyages, pens\u00e9es et exp\u00e9riences gr\u00e2ce \u00e0 un magnifique livre qui vous suivra partout.<\/p>\t\t\t\t\t\t<\/div>\n\t\t\t\t<\/div>\n\t\t\t\t<div class=\"elementor-element elementor-element-d116940 elementor-align-right elementor-mobile-align-center elementor-widget elementor-widget-button\" data-id=\"d116940\" data-element_type=\"widget\" data-widget_type=\"button.default\">\n\t\t\t\t<div class=\"elementor-widget-container\">\n\t\t\t\t\t<div class=\"elementor-button-wrapper\">\n\t\t\t<a href=\"#\" class=\"elementor-button-link elementor-button elementor-size-sm\" role=\"button\">\n\t\t\t\t\t\t<span class=\"elementor-button-content-wrapper\">\n\t\t\t\t\t\t<span class=\"elementor-button-text\">Disponible prochainement<\/span>\n\t\t<\/span>\n\t\t\t\t\t<\/a>\n\t\t<\/div>\n\t\t\t\t<\/div>\n\t\t\t\t<\/div>\n\t\t\t\t\t<\/div>\n\t\t<\/div>\n\t\t\t\t\t\t\t<\/div>\n\t\t<\/section>\n\t\t\t\t<section class=\"elementor-section elementor-top-section elementor-element elementor-element-265034b elementor-section-height-min-height elementor-section-boxed elementor-section-height-default elementor-section-items-middle\" data-id=\"265034b\" data-element_type=\"section\" data-settings=\"{&quot;background_background&quot;:&quot;classic&quot;}\">\n\t\t\t\t\t\t\t<div class=\"elementor-background-overlay\"><\/div>\n\t\t\t\t\t\t\t<div class=\"elementor-container elementor-column-gap-default\">\n\t\t\t\t\t<div class=\"elementor-column elementor-col-50 elementor-top-column elementor-element elementor-element-8d21dd8\" data-id=\"8d21dd8\" data-element_type=\"column\">\n\t\t\t<div class=\"elementor-widget-wrap elementor-element-populated\">\n\t\t\t\t\t\t\t\t<div class=\"elementor-element elementor-element-da9c4d6 elementor-widget elementor-widget-heading\" data-id=\"da9c4d6\" data-element_type=\"widget\" data-widget_type=\"heading.default\">\n\t\t\t\t<div class=\"elementor-widget-container\">\n\t\t\t<h2 class=\"elementor-heading-title elementor-size-default\">Chaque semaine, <span class=\"contrast-color\">vous d\u00e9cidez !<\/span><\/h2>\t\t<\/div>\n\t\t\t\t<\/div>\n\t\t\t\t<div class=\"elementor-element elementor-element-1d14b29 elementor-widget elementor-widget-text-editor\" data-id=\"1d14b29\" data-element_type=\"widget\" data-widget_type=\"text-editor.default\">\n\t\t\t\t<div class=\"elementor-widget-container\">\n\t\t\t\t\t\t\t<p>Chaque semaine, un nouveau classement des aventures les plus app\u00e9ci\u00e9es est disponible !<\/p><p><strong>En ferez-vous partie ?<\/strong><\/p>\t\t\t\t\t\t<\/div>\n\t\t\t\t<\/div>\n\t\t\t\t<div class=\"elementor-element elementor-element-f4d9c01 elementor-align-left elementor-mobile-align-center elementor-widget elementor-widget-button\" data-id=\"f4d9c01\" data-element_type=\"widget\" data-widget_type=\"button.default\">\n\t\t\t\t<div class=\"elementor-widget-container\">\n\t\t\t\t\t<div class=\"elementor-button-wrapper\">\n\t\t\t<a href=\"#\" class=\"elementor-button-link elementor-button elementor-size-sm\" role=\"button\">\n\t\t\t\t\t\t<span class=\"elementor-button-content-wrapper\">\n\t\t\t\t\t\t<span class=\"elementor-button-text\">Disponible prochainement<\/span>\n\t\t<\/span>\n\t\t\t\t\t<\/a>\n\t\t<\/div>\n\t\t\t\t<\/div>\n\t\t\t\t<\/div>\n\t\t\t\t\t<\/div>\n\t\t<\/div>\n\t\t\t\t<div class=\"elementor-column elementor-col-50 elementor-top-column elementor-element elementor-element-efbd2e8\" data-id=\"efbd2e8\" data-element_type=\"column\">\n\t\t\t<div class=\"elementor-widget-wrap elementor-element-populated\">\n\t\t\t\t\t\t\t\t<div class=\"elementor-element elementor-element-19f154a elementor-widget elementor-widget-image\" data-id=\"19f154a\" data-element_type=\"widget\" data-widget_type=\"image.default\">\n\t\t\t\t<div class=\"elementor-widget-container\">\n\t\t\t<style>\/*! elementor - v3.13.2 - 11-05-2023 *\/\n.elementor-widget-image{text-align:center}.elementor-widget-image a{display:inline-block}.elementor-widget-image a img[src$=\".svg\"]{width:48px}.elementor-widget-image img{vertical-align:middle;display:inline-block}<\/style>\t\t\t\t\t\t\t\t\t\t\t\t<img loading=\"lazy\" decoding=\"async\" width=\"747\" height=\"736\" src=\"https:\/\/keyssiwone.be\/wp-content\/uploads\/2023\/05\/phone-mockup.png\" class=\"attachment-large size-large wp-image-28904\" alt=\"\" srcset=\"https:\/\/keyssiwone.be\/wp-content\/uploads\/2023\/05\/phone-mockup.png 747w, https:\/\/keyssiwone.be\/wp-content\/uploads\/2023\/05\/phone-mockup-300x296.png 300w\" sizes=\"auto, (max-width: 747px) 100vw, 747px\" \/>\t\t\t\t\t\t\t\t\t\t\t\t\t\t\t<\/div>\n\t\t\t\t<\/div>\n\t\t\t\t\t<\/div>\n\t\t<\/div>\n\t\t\t\t\t\t\t<\/div>\n\t\t<\/section>\n\t\t\t\t\t\t\t<\/div>\n\t\t","protected":false},"excerpt":{"rendered":"<p>Cr\\u00e9ez votre livre d&rsquo;aventures En savoir plus Cr\\u00e9er Photos Ajoutez vos photos afin de cr\\u00e9er votre livre de voyage personnalis\\u00e9. Notes Commentez chaque \\u00e9tape de votre aventure pour n\\u2019oublier aucun d\\u00e9tail. Accessible Gardez vos aventures toujours accessibles dans votre Biblioth\\u00e8que Gardez une trace de vos aventures Gardez un souvenir ind\\u00e9l\\u00e9bile de vos voyages, pens\\u00e9es et &hellip;<\/p>\n<p class=\"read-more\"> <a class=\"\" href=\"https:\/\/keyssiwone.be\/projets\/tfe\/\"> <span class=\"screen-reader-text\">Accueil<\/span> Lire la suite\u00a0\u00bb<\/a><\/p>\n","protected":false},"author":2,"featured_media":0,"parent":0,"menu_order":0,"comment_status":"closed","ping_status":"closed","template":"elementor_header_footer","meta":{"site-sidebar-layout":"no-sidebar","site-content-layout":"page-builder","ast-global-header-display":"","ast-banner-title-visibility":"","ast-main-header-display":"","ast-hfb-above-header-display":"","ast-hfb-below-header-display":"","ast-hfb-mobile-header-display":"","site-post-title":"disabled","ast-breadcrumbs-content":"","ast-featured-img":"disabled","footer-sml-layout":"","theme-transparent-header-meta":"default","adv-header-id-meta":"","stick-header-meta":"","header-above-stick-meta":"","header-main-stick-meta":"","header-below-stick-meta":"","footnotes":""},"class_list":["post-29478","page","type-page","status-publish","hentry"],"acf":[],"_links":{"self":[{"href":"https:\/\/keyssiwone.be\/projets\/tfe\/wp-json\/wp\/v2\/pages\/29478","targetHints":{"allow":["GET"]}}],"collection":[{"href":"https:\/\/keyssiwone.be\/projets\/tfe\/wp-json\/wp\/v2\/pages"}],"about":[{"href":"https:\/\/keyssiwone.be\/projets\/tfe\/wp-json\/wp\/v2\/types\/page"}],"author":[{"embeddable":true,"href":"https:\/\/keyssiwone.be\/projets\/tfe\/wp-json\/wp\/v2\/users\/2"}],"replies":[{"embeddable":true,"href":"https:\/\/keyssiwone.be\/projets\/tfe\/wp-json\/wp\/v2\/comments?post=29478"}],"version-history":[{"count":65,"href":"https:\/\/keyssiwone.be\/projets\/tfe\/wp-json\/wp\/v2\/pages\/29478\/revisions"}],"predecessor-version":[{"id":36913,"href":"https:\/\/keyssiwone.be\/projets\/tfe\/wp-json\/wp\/v2\/pages\/29478\/revisions\/36913"}],"wp:attachment":[{"href":"https:\/\/keyssiwone.be\/projets\/tfe\/wp-json\/wp\/v2\/media?parent=29478"}],"curies":[{"name":"wp","href":"https:\/\/api.w.org\/{rel}","templated":true}]}}