{"id":29563,"date":"2023-05-21T14:26:54","date_gmt":"2023-05-21T12:26:54","guid":{"rendered":"https:\/\/keyssiwone.be\/?page_id=29563"},"modified":"2023-05-21T14:28:13","modified_gmt":"2023-05-21T12:28:13","slug":"creer-un-livre-daventure-2","status":"publish","type":"page","link":"https:\/\/keyssiwone.be\/projets\/tfe\/creer-un-livre-daventure-2\/","title":{"rendered":"Cr\u00e9er un livre d&rsquo;aventure"},"content":{"rendered":"\t\t<div data-elementor-type=\"wp-page\" data-elementor-id=\"29563\" class=\"elementor elementor-29563\">\n\t\t\t\t\t\t\t\t\t<section class=\"elementor-section elementor-top-section elementor-element elementor-element-261d3000 elementor-section-full_width elementor-section-height-min-height elementor-section-height-default elementor-section-items-middle\" data-id=\"261d3000\" data-element_type=\"section\" data-settings=\"{&quot;background_background&quot;:&quot;classic&quot;}\">\n\t\t\t\t\t\t\t<div class=\"elementor-background-overlay\"><\/div>\n\t\t\t\t\t\t\t<div class=\"elementor-container elementor-column-gap-default\">\n\t\t\t\t\t<div class=\"elementor-column elementor-col-100 elementor-top-column elementor-element elementor-element-2e76fdab\" data-id=\"2e76fdab\" data-element_type=\"column\">\n\t\t\t<div class=\"elementor-widget-wrap elementor-element-populated\">\n\t\t\t\t\t\t\t\t<div class=\"elementor-element elementor-element-1ed8a28a elementor-widget elementor-widget-heading\" data-id=\"1ed8a28a\" data-element_type=\"widget\" data-widget_type=\"heading.default\">\n\t\t\t\t<div class=\"elementor-widget-container\">\n\t\t\t<style>\/*! elementor - v3.13.2 - 11-05-2023 *\/\n.elementor-heading-title{padding:0;margin:0;line-height:1}.elementor-widget-heading .elementor-heading-title[class*=elementor-size-]>a{color:inherit;font-size:inherit;line-height:inherit}.elementor-widget-heading .elementor-heading-title.elementor-size-small{font-size:15px}.elementor-widget-heading .elementor-heading-title.elementor-size-medium{font-size:19px}.elementor-widget-heading .elementor-heading-title.elementor-size-large{font-size:29px}.elementor-widget-heading .elementor-heading-title.elementor-size-xl{font-size:39px}.elementor-widget-heading .elementor-heading-title.elementor-size-xxl{font-size:59px}<\/style><h1 class=\"elementor-heading-title elementor-size-default\">Cr\u00e9ez votre <br\/>\npropre <span class=\"contrast-color\">aventure<\/span><\/h1>\t\t<\/div>\n\t\t\t\t<\/div>\n\t\t\t\t\t<\/div>\n\t\t<\/div>\n\t\t\t\t\t\t\t<\/div>\n\t\t<\/section>\n\t\t\t\t<section class=\"elementor-section elementor-top-section elementor-element elementor-element-b895194 elementor-section-boxed elementor-section-height-default elementor-section-height-default\" data-id=\"b895194\" data-element_type=\"section\">\n\t\t\t\t\t\t<div class=\"elementor-container elementor-column-gap-default\">\n\t\t\t\t\t<div class=\"elementor-column elementor-col-100 elementor-top-column elementor-element elementor-element-652b3ed5\" data-id=\"652b3ed5\" data-element_type=\"column\">\n\t\t\t<div class=\"elementor-widget-wrap elementor-element-populated\">\n\t\t\t\t\t\t\t\t<div class=\"elementor-element elementor-element-39ef485f elementor-widget elementor-widget-jet-engine-booking-form\" data-id=\"39ef485f\" data-element_type=\"widget\" data-widget_type=\"jet-engine-booking-form.default\">\n\t\t\t\t<div class=\"elementor-widget-container\">\n\t\t\t<form  class=\"jet-form layout-column submit-type-ajax\" action=\"\/projets\/tfe\/wp-json\/wp\/v2\/pages\/29563?jet_engine_action=book&nocache=1775900610\" method=\"POST\" data-form-id=\"29158\"><input class=\"jet-form__field hidden-field\" type=\"hidden\" name=\"_jet_engine_booking_form_id\" value=\"29158\" data-field-name=\"_jet_engine_booking_form_id\"><input class=\"jet-form__field hidden-field\" type=\"hidden\" name=\"_jet_engine_refer\" value=\"https:\/\/keyssiwone.be\/projets\/tfe\/wp-json\/wp\/v2\/pages\/29563\" data-field-name=\"_jet_engine_refer\"><div class=\"jet-form-page \" data-page=\"1\"><div  class=\"jet-form-row jet-form-row--hidden\"><div class=\"jet-form-col jet-form-col-12  field-type-hidden  jet-form-field-container\" data-field=\"post_id\" data-conditional=\"false\"><input class=\"jet-form__field hidden-field\" type=\"hidden\" name=\"post_id\" value=\"29563\" data-field-name=\"post_id\"><\/div><\/div><div  class=\"jet-form-row jet-form-row--first-visible\"><div class=\"jet-form-col jet-form-col-10 jet-form-push-1 field-type-text  jet-form-field-container\" data-field=\"nom-de-laventure\" data-conditional=\"false\"><div class=\"jet-form__label\">\n\t<span class=\"jet-form__label-text\" ><span class=\"contrast-color\">Bienvenue !<\/span> <br\/><br\/>Commencez par donner un nom \u00e0 votre aventure<span class=\"jet-form__required\">*<\/span><\/span>\n\t<\/div><input class=\"jet-form__field text-field \" placeholder=\"Nom de votre aventure\" value=\"\" required=\"required\" name=\"nom-de-laventure\" id=\"nom-de-laventure\" type=\"text\" data-field-name=\"nom-de-laventure\"><\/div><\/div><div  class=\"jet-form-row\"><div class=\"jet-form-col jet-form-col-10 jet-form-push-1 field-type-media  jet-form-field-container\" data-field=\"thumbnail-aventure\" data-conditional=\"false\"><div class=\"jet-form__label\">\n\t<span class=\"jet-form__label-text\" >& Choisissez une image de couverture (max. 1)<span class=\"jet-form__required\">*<\/span><\/span>\n\t<\/div><div class=\"jet-engine-file-upload\">\n\t<div class=\"jet-engine-file-upload__content\">\n\t\t<div class=\"jet-engine-file-upload__loader\"><svg xmlns=\"http:\/\/www.w3.org\/2000\/svg\" width=\"38\" height=\"38\" viewBox=\"0 0 38 38\" stroke=\"#fff\"><g fill=\"none\" fill-rule=\"evenodd\"><g transform=\"translate(1 1)\" stroke-width=\"2\"><circle stroke-opacity=\".5\" cx=\"18\" cy=\"18\" r=\"18\"\/><path d=\"M36 18c0-9.94-8.06-18-18-18\" transform=\"rotate(137.826 18 18)\"><animateTransform attributeName=\"transform\" type=\"rotate\" from=\"0 18 18\" to=\"360 18 18\" dur=\"1s\" repeatCount=\"indefinite\"\/><\/path><\/g><\/g><\/svg><\/div>\t\t<div class=\"jet-engine-file-upload__files\"  data-args=\"{&quot;max_files&quot;:&quot;1&quot;,&quot;insert_attachment&quot;:false,&quot;value_format&quot;:&quot;url&quot;}\"><\/div>\n\t<\/div>\n\t<div class=\"jet-engine-file-upload__fields\">\n\t\t<input class=\"jet-form__field jet-engine-file-upload__value\" type=\"hidden\" name=\"thumbnail-aventure\" data-field-name=\"thumbnail-aventure\" value=\"\" required=\"required\">\n\t\t<input class=\"jet-form__field file-field jet-engine-file-upload__input\" name=\"thumbnail-aventure_input\" type=\"file\" data-form_id=\"29158\" data-field=\"thumbnail-aventure\" id=\"thumbnail-aventure\" data-max_files=\"1\" multiple=\"1\" accept=\"image\/jpeg,image\/gif,image\/png,video\/avi,video\/mpeg,video\/mp4,video\/webm\" data-max_size=\"314572800\">\n\t<\/div>\n\t<div class=\"jet-engine-file-upload__message\"><small>Maximum file size: 300 Mo<\/small><\/div>\n\t<div class=\"jet-engine-file-upload__errors is-hidden\"><\/div>\n<\/div><\/div><\/div><div  class=\"jet-form-row jet-form-row--page-break\"><div class=\"jet-form-col jet-form-col-12  field-type-page_break  jet-form-field-container\" data-field=\"page_break\" data-conditional=\"false\"><div class=\"jet-form__next-page-wrap\">\n\t\t\t\t<button class=\"jet-form__next-page\" type=\"button\">Suivant<\/button>\n\t<\/div>\n<\/div><\/div><\/div><div class=\"jet-form-page jet-form-page--hidden\" data-page=\"2\"><div  class=\"jet-form-row\"><div class=\"jet-form-col jet-form-col-12  field-type-text  jet-form-field-container\" data-field=\"nom-de-letape\" data-conditional=\"false\"><div class=\"jet-form__label\">\n\t<span class=\"jet-form__label-text\" >Cr\u00e9ez la premi\u00e8re \u00e9tape de votre aventure<\/span>\n\t<\/div><input class=\"jet-form__field text-field \" placeholder=\"Nom de l&#039;\u00e9tape\" value=\"\" name=\"nom-de-letape\" id=\"nom-de-letape\" type=\"text\" data-field-name=\"nom-de-letape\"><\/div><\/div><div  class=\"jet-form-row\"><div class=\"jet-form-col jet-form-col-6  field-type-text  jet-form-field-container\" data-field=\"lieu\" data-conditional=\"false\"><input class=\"jet-form__field text-field \" placeholder=\"Lieu\" value=\"\" name=\"lieu\" id=\"lieu\" type=\"text\" data-field-name=\"lieu\"><\/div><div class=\"jet-form-col jet-form-col-3  field-type-date  jet-form-field-container\" data-field=\"date-de-debut\" data-conditional=\"false\"><input class=\"jet-form__field date-field\" value=\"2023-05-21\" name=\"date-de-debut\" type=\"date\" data-field-name=\"date-de-debut\" id=\"date-de-debut\"><\/div><div class=\"jet-form-col jet-form-col-3  field-type-date  jet-form-field-container\" data-field=\"date-de-fin\" data-conditional=\"false\"><input class=\"jet-form__field date-field\" value=\"2023-05-21\" name=\"date-de-fin\" type=\"date\" data-field-name=\"date-de-fin\" id=\"date-de-fin\"><\/div><\/div><div  class=\"jet-form-row\"><div class=\"jet-form-col jet-form-col-12  field-type-textarea  jet-form-field-container\" data-field=\"commentaire\" data-conditional=\"false\"><textarea class=\"jet-form__field textarea-field\" placeholder=\"Racontez votre aventure...\" name=\"commentaire\" data-field-name=\"commentaire\" id=\"commentaire\" maxlength=\"500\"><\/textarea><\/div><\/div><div  class=\"jet-form-row\"><div class=\"jet-form-col jet-form-col-6  field-type-media  jet-form-field-container\" data-field=\"ajoutez-vos-photos\" data-conditional=\"false\"><div class=\"jet-form__label\">\n\t<span class=\"jet-form__label-text\" >Ajoutez vos photos <\/span>\n\t<\/div><div class=\"jet-engine-file-upload\">\n\t<div class=\"jet-engine-file-upload__content\">\n\t\t<div class=\"jet-engine-file-upload__loader\"><svg xmlns=\"http:\/\/www.w3.org\/2000\/svg\" width=\"38\" height=\"38\" viewBox=\"0 0 38 38\" stroke=\"#fff\"><g fill=\"none\" fill-rule=\"evenodd\"><g transform=\"translate(1 1)\" stroke-width=\"2\"><circle stroke-opacity=\".5\" cx=\"18\" cy=\"18\" r=\"18\"\/><path d=\"M36 18c0-9.94-8.06-18-18-18\" transform=\"rotate(137.826 18 18)\"><animateTransform attributeName=\"transform\" type=\"rotate\" from=\"0 18 18\" to=\"360 18 18\" dur=\"1s\" repeatCount=\"indefinite\"\/><\/path><\/g><\/g><\/svg><\/div>\t\t<div class=\"jet-engine-file-upload__files\"  data-args=\"{&quot;max_files&quot;:&quot;9&quot;,&quot;insert_attachment&quot;:false,&quot;value_format&quot;:&quot;url&quot;}\"><\/div>\n\t<\/div>\n\t<div class=\"jet-engine-file-upload__fields\">\n\t\t<input class=\"jet-form__field jet-engine-file-upload__value\" type=\"hidden\" name=\"ajoutez-vos-photos\" data-field-name=\"ajoutez-vos-photos\" value=\"\" >\n\t\t<input class=\"jet-form__field file-field jet-engine-file-upload__input\" name=\"ajoutez-vos-photos_input\" type=\"file\" data-form_id=\"29158\" data-field=\"ajoutez-vos-photos\" id=\"ajoutez-vos-photos\" data-max_files=\"9\" multiple=\"1\" accept=\"image\/jpeg,image\/gif,image\/png,video\/avi,video\/mpeg,video\/mp4,video\/webm\" data-max_size=\"314572800\">\n\t<\/div>\n\t<div class=\"jet-engine-file-upload__message\"><small>Maximum file size: 300 Mo<\/small><\/div>\n\t<div class=\"jet-engine-file-upload__errors is-hidden\"><\/div>\n<\/div><\/div><div class=\"jet-form-col jet-form-col-6  field-type-media  jet-form-field-container\" data-field=\"bg-img\" data-conditional=\"false\"><div class=\"jet-form__label\">\n\t<span class=\"jet-form__label-text\" > & Choisissez une image d'arri\u00e8re-plan (max. 1)<span class=\"jet-form__required\">*<\/span><\/span>\n\t<\/div><div class=\"jet-engine-file-upload\">\n\t<div class=\"jet-engine-file-upload__content\">\n\t\t<div class=\"jet-engine-file-upload__loader\"><svg xmlns=\"http:\/\/www.w3.org\/2000\/svg\" width=\"38\" height=\"38\" viewBox=\"0 0 38 38\" stroke=\"#fff\"><g fill=\"none\" fill-rule=\"evenodd\"><g transform=\"translate(1 1)\" stroke-width=\"2\"><circle stroke-opacity=\".5\" cx=\"18\" cy=\"18\" r=\"18\"\/><path d=\"M36 18c0-9.94-8.06-18-18-18\" transform=\"rotate(137.826 18 18)\"><animateTransform attributeName=\"transform\" type=\"rotate\" from=\"0 18 18\" to=\"360 18 18\" dur=\"1s\" repeatCount=\"indefinite\"\/><\/path><\/g><\/g><\/svg><\/div>\t\t<div class=\"jet-engine-file-upload__files\"  data-args=\"{&quot;max_files&quot;:&quot;1&quot;,&quot;insert_attachment&quot;:false,&quot;value_format&quot;:&quot;url&quot;}\"><\/div>\n\t<\/div>\n\t<div class=\"jet-engine-file-upload__fields\">\n\t\t<input class=\"jet-form__field jet-engine-file-upload__value\" type=\"hidden\" name=\"bg-img\" data-field-name=\"bg-img\" value=\"\" required=\"required\">\n\t\t<input class=\"jet-form__field file-field jet-engine-file-upload__input\" name=\"bg-img_input\" type=\"file\" data-form_id=\"29158\" data-field=\"bg-img\" id=\"bg-img\" data-max_files=\"1\" multiple=\"1\" accept=\"image\/jpeg,image\/gif,image\/png,video\/avi,video\/mpeg,video\/mp4,video\/webm\" data-max_size=\"314572800\">\n\t<\/div>\n\t<div class=\"jet-engine-file-upload__message\"><small>Maximum file size: 300 Mo<\/small><\/div>\n\t<div class=\"jet-engine-file-upload__errors is-hidden\"><\/div>\n<\/div><\/div><\/div><div  class=\"jet-form-row\"><div class=\"jet-form-col jet-form-col-12  field-type-repeater_start  jet-form-field-container\" data-field=\"rpt_start\" data-conditional=\"false\"><div class=\"jet-form-repeater\" data-repeater=\"1\" data-field-name=\"rpt_start\" name=\"rpt_start\" data-settings=\"{&quot;manageItems&quot;:&quot;manually&quot;,&quot;itemsField&quot;:false,&quot;calcType&quot;:&quot;default&quot;}\"><template class=\"jet-form-repeater__initial\"><div class=\"jet-form-repeater__row\" data-repeater-row=\"1\" data-index=\"0\"><div class=\"jet-form-repeater__row-fields\"><div  class=\"jet-form-row\"><div class=\"jet-form-col jet-form-col-12  field-type-text  jet-form-field-container\" data-field=\"rpt_nom-de-letape\" data-conditional=\"false\"><div class=\"jet-form__label\">\n\t<span class=\"jet-form__label-text\" >Ajoutez une \u00e9tape \u00e0 votre aventure<\/span>\n\t<\/div><input class=\"jet-form__field text-field \" placeholder=\"Nom de l&#039;\u00e9tape\" value=\"\" name=\"rpt_start[__i__][rpt_nom-de-letape]\" id=\"rpt_start___i___rpt_nom-de-letape\" type=\"text\" data-field-name=\"rpt_nom-de-letape\"><\/div><\/div><div  class=\"jet-form-row\"><div class=\"jet-form-col jet-form-col-6  field-type-text  jet-form-field-container\" data-field=\"rpt_lieu\" data-conditional=\"false\"><input class=\"jet-form__field text-field \" placeholder=\"Lieu\" value=\"\" name=\"rpt_start[__i__][rpt_lieu]\" id=\"rpt_start___i___rpt_lieu\" type=\"text\" data-field-name=\"rpt_lieu\"><\/div><div class=\"jet-form-col jet-form-col-3  field-type-date  jet-form-field-container\" data-field=\"rpt_date-de-debut\" data-conditional=\"false\"><input class=\"jet-form__field date-field\" value=\"2023-05-21\" name=\"rpt_start[__i__][rpt_date-de-debut]\" type=\"date\" data-field-name=\"rpt_date-de-debut\" id=\"rpt_start___i___rpt_date-de-debut\"><\/div><div class=\"jet-form-col jet-form-col-3  field-type-date  jet-form-field-container\" data-field=\"rpt_date-de-fin\" data-conditional=\"false\"><input class=\"jet-form__field date-field\" value=\"2023-05-21\" name=\"rpt_start[__i__][rpt_date-de-fin]\" type=\"date\" data-field-name=\"rpt_date-de-fin\" id=\"rpt_start___i___rpt_date-de-fin\"><\/div><\/div><div  class=\"jet-form-row\"><div class=\"jet-form-col jet-form-col-12  field-type-textarea  jet-form-field-container\" data-field=\"rpt_commentaire\" data-conditional=\"false\"><textarea class=\"jet-form__field textarea-field\" placeholder=\"Racontez votre aventure...\" name=\"rpt_start[__i__][rpt_commentaire]\" data-field-name=\"rpt_commentaire\" id=\"rpt_start___i___rpt_commentaire\" maxlength=\"500\"><\/textarea><\/div><\/div><div  class=\"jet-form-row\"><div class=\"jet-form-col jet-form-col-6  field-type-media  jet-form-field-container\" data-field=\"rpt_ajoutez-vos-photos\" data-conditional=\"false\"><div class=\"jet-form__label\">\n\t<span class=\"jet-form__label-text\" >Ajoutez vos photos <\/span>\n\t<\/div><div class=\"jet-engine-file-upload\">\n\t<div class=\"jet-engine-file-upload__content\">\n\t\t<div class=\"jet-engine-file-upload__loader\"><svg xmlns=\"http:\/\/www.w3.org\/2000\/svg\" width=\"38\" height=\"38\" viewBox=\"0 0 38 38\" stroke=\"#fff\"><g fill=\"none\" fill-rule=\"evenodd\"><g transform=\"translate(1 1)\" stroke-width=\"2\"><circle stroke-opacity=\".5\" cx=\"18\" cy=\"18\" r=\"18\"\/><path d=\"M36 18c0-9.94-8.06-18-18-18\" transform=\"rotate(137.826 18 18)\"><animateTransform attributeName=\"transform\" type=\"rotate\" from=\"0 18 18\" to=\"360 18 18\" dur=\"1s\" repeatCount=\"indefinite\"\/><\/path><\/g><\/g><\/svg><\/div>\t\t<div class=\"jet-engine-file-upload__files\"  data-args=\"{&quot;max_files&quot;:&quot;9&quot;,&quot;insert_attachment&quot;:false,&quot;value_format&quot;:&quot;url&quot;}\"><\/div>\n\t<\/div>\n\t<div class=\"jet-engine-file-upload__fields\">\n\t\t<input class=\"jet-form__field jet-engine-file-upload__value\" type=\"hidden\" name=\"rpt_start[__i__][rpt_ajoutez-vos-photos]\" data-field-name=\"rpt_ajoutez-vos-photos\" value=\"\" >\n\t\t<input class=\"jet-form__field file-field jet-engine-file-upload__input\" name=\"rpt_start[__i__][rpt_ajoutez-vos-photos_input]\" type=\"file\" data-form_id=\"29158\" data-field=\"rpt_ajoutez-vos-photos\" id=\"rpt_start___i___rpt_ajoutez-vos-photos\" data-max_files=\"9\" multiple=\"1\" accept=\"image\/jpeg,image\/gif,image\/png,video\/avi,video\/mpeg,video\/mp4,video\/webm\" data-max_size=\"314572800\">\n\t<\/div>\n\t<div class=\"jet-engine-file-upload__message\"><small>Maximum file size: 300 Mo<\/small><\/div>\n\t<div class=\"jet-engine-file-upload__errors is-hidden\"><\/div>\n<\/div><\/div><div class=\"jet-form-col jet-form-col-6  field-type-media  jet-form-field-container\" data-field=\"rpt-bg-img\" data-conditional=\"false\"><div class=\"jet-form__label\">\n\t<span class=\"jet-form__label-text\" > & Choisissez une image d'arri\u00e8re-plan (max. 1)<span class=\"jet-form__required\">*<\/span><\/span>\n\t<\/div><div class=\"jet-engine-file-upload\">\n\t<div class=\"jet-engine-file-upload__content\">\n\t\t<div class=\"jet-engine-file-upload__loader\"><svg xmlns=\"http:\/\/www.w3.org\/2000\/svg\" width=\"38\" height=\"38\" viewBox=\"0 0 38 38\" stroke=\"#fff\"><g fill=\"none\" fill-rule=\"evenodd\"><g transform=\"translate(1 1)\" stroke-width=\"2\"><circle stroke-opacity=\".5\" cx=\"18\" cy=\"18\" r=\"18\"\/><path d=\"M36 18c0-9.94-8.06-18-18-18\" transform=\"rotate(137.826 18 18)\"><animateTransform attributeName=\"transform\" type=\"rotate\" from=\"0 18 18\" to=\"360 18 18\" dur=\"1s\" repeatCount=\"indefinite\"\/><\/path><\/g><\/g><\/svg><\/div>\t\t<div class=\"jet-engine-file-upload__files\"  data-args=\"{&quot;max_files&quot;:&quot;1&quot;,&quot;insert_attachment&quot;:false,&quot;value_format&quot;:&quot;url&quot;}\"><\/div>\n\t<\/div>\n\t<div class=\"jet-engine-file-upload__fields\">\n\t\t<input class=\"jet-form__field jet-engine-file-upload__value\" type=\"hidden\" name=\"rpt_start[__i__][rpt-bg-img]\" data-field-name=\"rpt-bg-img\" value=\"\" required=\"required\">\n\t\t<input class=\"jet-form__field file-field jet-engine-file-upload__input\" name=\"rpt_start[__i__][rpt-bg-img_input]\" type=\"file\" data-form_id=\"29158\" data-field=\"rpt-bg-img\" id=\"rpt_start___i___rpt-bg-img\" data-max_files=\"1\" multiple=\"1\" accept=\"image\/jpeg,image\/gif,image\/png,video\/avi,video\/mpeg,video\/mp4,video\/webm\" data-max_size=\"314572800\">\n\t<\/div>\n\t<div class=\"jet-engine-file-upload__message\"><small>Maximum file size: 300 Mo<\/small><\/div>\n\t<div class=\"jet-engine-file-upload__errors is-hidden\"><\/div>\n<\/div><\/div><\/div><\/div><div class=\"jet-form-repeater__row-remove\"><button type=\"button\" class=\"jet-form-repeater__remove\">&times;<\/button><\/div><\/div><\/template><div class=\"jet-form-repeater__items\"><\/div><div class=\"jet-form-repeater__actions\"><button type=\"button\" class=\"jet-form-repeater__new\">+ Ajouter une \u00e9tape<\/button><\/div><\/div><\/div><\/div><div  class=\"jet-form-row jet-form-row--submit\"><div class=\"jet-form-col jet-form-col-12  field-type-submit  jet-form-field-container\" data-field=\"Submit\" data-conditional=\"false\"><div class=\"jet-form__submit-wrap has-prev\">\n\t<button type=\"button\" class=\"jet-form__prev-page\" data-to-page=\"1\">Annuler<\/button>\t<button class=\"jet-form__submit submit-type-ajax\" type=\"button\">Enregistrer<\/button>\n<\/div><\/div><\/div><\/div><input class=\"jet-form__field hidden-field\" type=\"hidden\" name=\"_jet_engine_nonce\" value=\"335fd593a3\" data-field-name=\"_jet_engine_nonce\"><\/form><div class=\"jet-form-messages-wrap\" data-form-id=\"29158\"><\/div>\t\t<\/div>\n\t\t\t\t<\/div>\n\t\t\t\t\t<\/div>\n\t\t<\/div>\n\t\t\t\t\t\t\t<\/div>\n\t\t<\/section>\n\t\t\t\t\t\t\t<\/div>\n\t\t","protected":false},"excerpt":{"rendered":"<p>Cr\u00e9ez votre propre aventure Bienvenue ! Commencez par donner un nom \u00e0 votre aventure* &#038; Choisissez une image de couverture Maximum file size: 300 Mo Suivant Cr\u00e9ez la premi\u00e8re \u00e9tape de votre aventure Ajoutez vos photos Maximum file size: 300 Mo &#038; Choisissez une image d&rsquo;arri\u00e8re-plan Maximum file size: 300 Mo Ajoutez une \u00e9tape \u00e0 &hellip;<\/p>\n<p class=\"read-more\"> <a class=\"\" href=\"https:\/\/keyssiwone.be\/projets\/tfe\/creer-un-livre-daventure-2\/\"> <span class=\"screen-reader-text\">Cr\u00e9er un livre d&rsquo;aventure<\/span> Lire la suite\u00a0\u00bb<\/a><\/p>\n","protected":false},"author":2,"featured_media":0,"parent":0,"menu_order":0,"comment_status":"closed","ping_status":"closed","template":"","meta":{"site-sidebar-layout":"no-sidebar","site-content-layout":"page-builder","ast-global-header-display":"","ast-banner-title-visibility":"","ast-main-header-display":"","ast-hfb-above-header-display":"","ast-hfb-below-header-display":"","ast-hfb-mobile-header-display":"","site-post-title":"disabled","ast-breadcrumbs-content":"","ast-featured-img":"disabled","footer-sml-layout":"","theme-transparent-header-meta":"","adv-header-id-meta":"","stick-header-meta":"","header-above-stick-meta":"","header-main-stick-meta":"","header-below-stick-meta":"","footnotes":""},"class_list":["post-29563","page","type-page","status-publish","hentry"],"acf":[],"_links":{"self":[{"href":"https:\/\/keyssiwone.be\/projets\/tfe\/wp-json\/wp\/v2\/pages\/29563","targetHints":{"allow":["GET"]}}],"collection":[{"href":"https:\/\/keyssiwone.be\/projets\/tfe\/wp-json\/wp\/v2\/pages"}],"about":[{"href":"https:\/\/keyssiwone.be\/projets\/tfe\/wp-json\/wp\/v2\/types\/page"}],"author":[{"embeddable":true,"href":"https:\/\/keyssiwone.be\/projets\/tfe\/wp-json\/wp\/v2\/users\/2"}],"replies":[{"embeddable":true,"href":"https:\/\/keyssiwone.be\/projets\/tfe\/wp-json\/wp\/v2\/comments?post=29563"}],"version-history":[{"count":3,"href":"https:\/\/keyssiwone.be\/projets\/tfe\/wp-json\/wp\/v2\/pages\/29563\/revisions"}],"predecessor-version":[{"id":29566,"href":"https:\/\/keyssiwone.be\/projets\/tfe\/wp-json\/wp\/v2\/pages\/29563\/revisions\/29566"}],"wp:attachment":[{"href":"https:\/\/keyssiwone.be\/projets\/tfe\/wp-json\/wp\/v2\/media?parent=29563"}],"curies":[{"name":"wp","href":"https:\/\/api.w.org\/{rel}","templated":true}]}}